{"id":200,"date":"2020-05-02T12:41:18","date_gmt":"2020-05-02T10:41:18","guid":{"rendered":"https:\/\/bdlinvestment.com\/?page_id=200"},"modified":"2023-04-05T11:49:36","modified_gmt":"2023-04-05T09:49:36","slug":"agradecimiento-catalogo-coolhomes","status":"publish","type":"page","link":"https:\/\/bdlinvestment.com\/en\/agradecimiento-catalogo-coolhomes\/","title":{"rendered":"Thanks catalogue coolhomes"},"content":{"rendered":"<section class=\"l-section wpb_row height_small\"><div class=\"l-section-h i-cf\"><div class=\"g-cols vc_row via_flex valign_top type_default stacking_default\"><div class=\"vc_col-sm-12 wpb_column vc_column_container\"><div class=\"vc_column-inner\"><div class=\"wpb_wrapper\"><div class=\"w-separator size_medium\"><\/div><\/div><\/div><\/div><\/div><\/div><\/section><section class=\"l-section wpb_row height_small\"><div class=\"l-section-h i-cf\"><div class=\"g-cols vc_row via_flex valign_top type_default stacking_default\"><div class=\"vc_col-sm-8 wpb_column vc_column_container\"><div class=\"vc_column-inner\"><div class=\"wpb_wrapper\"><div class=\"wpb_text_column\"><div class=\"wpb_wrapper\"><h3>Many thanks for requeste our 08 COOLHOMES catalogue. In a few minutes you will not receive an email with the instructions for download it.<\/h3>\n<p>If you have not recived it, please check your SPAM folder or contact us by phone.<\/p>\n<h3><\/h3>\n<\/div><\/div><div class=\"w-separator size_medium\"><\/div><div class=\"w-btn-wrapper align_none\"><a class=\"w-btn us-btn-style_6\" href=\"https:\/\/bdlinvestment.com\/\"><span class=\"w-btn-label\">Volver al Inicio<\/span><\/a><\/div><\/div><\/div><\/div><div class=\"vc_col-sm-4 wpb_column vc_column_container\"><div class=\"vc_column-inner\"><div class=\"wpb_wrapper\"><div class=\"w-image align_none\"><div class=\"w-image-h\"><img width=\"1024\" height=\"463\" src=\"https:\/\/bdlinvestment.com\/wp-content\/uploads\/revslider\/Logo-08-cool-homes-1024x463.png\" class=\"attachment-large size-large\" alt=\"Logo Casas adosadas en Torre del Mar\" decoding=\"async\" loading=\"lazy\" srcset=\"https:\/\/bdlinvestment.com\/wp-content\/uploads\/revslider\/Logo-08-cool-homes-1024x463.png 1024w, https:\/\/bdlinvestment.com\/wp-content\/uploads\/revslider\/Logo-08-cool-homes-300x136.png 300w, https:\/\/bdlinvestment.com\/wp-content\/uploads\/revslider\/Logo-08-cool-homes-768x348.png 768w, https:\/\/bdlinvestment.com\/wp-content\/uploads\/revslider\/Logo-08-cool-homes-600x272.png 600w\" sizes=\"(max-width: 1024px) 100vw, 1024px\" \/><\/div><\/div><div class=\"w-separator size_small\"><\/div><div class=\"w-image align_none\"><div class=\"w-image-h\"><img width=\"1024\" height=\"512\" src=\"https:\/\/bdlinvestment.com\/wp-content\/uploads\/2020\/05\/panel-8-1024x512.jpg\" class=\"attachment-large size-large\" alt=\"Casas adosadas en Torre del Mar\" decoding=\"async\" loading=\"lazy\" srcset=\"https:\/\/bdlinvestment.com\/wp-content\/uploads\/2020\/05\/panel-8-1024x512.jpg 1024w, https:\/\/bdlinvestment.com\/wp-content\/uploads\/2020\/05\/panel-8-300x150.jpg 300w, https:\/\/bdlinvestment.com\/wp-content\/uploads\/2020\/05\/panel-8-768x384.jpg 768w, https:\/\/bdlinvestment.com\/wp-content\/uploads\/2020\/05\/panel-8-600x300.jpg 600w\" sizes=\"(max-width: 1024px) 100vw, 1024px\" \/><\/div><\/div><\/div><\/div><\/div><\/div><\/div><\/section><section class=\"l-section wpb_row height_small color_alternate\"><div class=\"l-section-h i-cf\"><div class=\"g-cols vc_row via_flex valign_top type_default stacking_default\"><div class=\"vc_col-sm-12 wpb_column vc_column_container\"><div class=\"vc_column-inner\"><div class=\"wpb_wrapper\"><div class=\"w-separator size_medium\"><\/div>[vc_custom_heading text=&#8221;Know other developments&#8221; font_container=&#8221;tag:p|font_size:24%20px|text_align:left&#8221; use_theme_fonts=&#8221;yes&#8221;]<div class=\"w-grid type_grid layout_blog_classic cols_3\" id=\"us_grid_2\"><style>#us_grid_2 .w-grid-item{padding:1.5rem}#us_grid_2 .w-grid-list{margin:-1.5rem}.w-grid + #us_grid_2 .w-grid-list,.w-grid-none + #us_grid_2 .w-grid-list{margin-top:1.5rem}@media (max-width:899px){#us_grid_2 .w-grid-item{width:50%}}@media (max-width:599px){#us_grid_2 .w-grid-list{margin:0}#us_grid_2 .w-grid-item{width:100%;padding:0;margin-bottom:1.5rem}}<\/style><div class=\"w-grid-list\">\t<article class=\"w-grid-item size_1x1 post-3622 post type-post status-publish format-standard has-post-thumbnail hentry category-caleta-de-velez\" data-id=\"3622\">\r\n\t\t<div class=\"w-grid-item-h\">\r\n\t\t\t\t\t\t<div class=\"w-post-elm post_image usg_post_image_1 stretched\"><a href=\"https:\/\/bdlinvestment.com\/en\/casas-en-primera-linea-de-golf-en-caleta-de-velez-green-9-iv-fase\/\" aria-label=\"First line golf houses in Caleta de Velez &#8211; Green 9 &#8211; IV Phase\"><img width=\"1024\" height=\"640\" src=\"https:\/\/bdlinvestment.com\/wp-content\/uploads\/2022\/03\/01-Green-9-Cool-Homes-1024x640.jpg\" class=\"attachment-large size-large wp-post-image\" alt=\"\" decoding=\"async\" loading=\"lazy\" srcset=\"https:\/\/bdlinvestment.com\/wp-content\/uploads\/2022\/03\/01-Green-9-Cool-Homes-1024x640.jpg 1024w, https:\/\/bdlinvestment.com\/wp-content\/uploads\/2022\/03\/01-Green-9-Cool-Homes-300x188.jpg 300w, https:\/\/bdlinvestment.com\/wp-content\/uploads\/2022\/03\/01-Green-9-Cool-Homes-200x125.jpg 200w, https:\/\/bdlinvestment.com\/wp-content\/uploads\/2022\/03\/01-Green-9-Cool-Homes-768x480.jpg 768w, https:\/\/bdlinvestment.com\/wp-content\/uploads\/2022\/03\/01-Green-9-Cool-Homes-600x375.jpg 600w, https:\/\/bdlinvestment.com\/wp-content\/uploads\/2022\/03\/01-Green-9-Cool-Homes-150x94.jpg 150w, https:\/\/bdlinvestment.com\/wp-content\/uploads\/2022\/03\/01-Green-9-Cool-Homes.jpg 1280w\" sizes=\"(max-width: 1024px) 100vw, 1024px\" \/><\/a><\/div><h2 class=\"w-post-elm post_title usg_post_title_1 entry-title color_link_inherit\"><a href=\"https:\/\/bdlinvestment.com\/en\/casas-en-primera-linea-de-golf-en-caleta-de-velez-green-9-iv-fase\/\">First line golf houses in Caleta de Velez &#8211; Green 9 &#8211; IV Phase<\/a><\/h2><div class=\"w-hwrapper usg_hwrapper_1 has_text_color align_none valign_top wrap\"><div class=\"w-post-elm post_taxonomy usg_post_taxonomy_1 style_simple\"><a class=\"term-3 term-caleta-de-velez\" href=\"https:\/\/bdlinvestment.com\/en\/category\/caleta-de-velez\/\">Caleta de V\u00e9lez<\/a><\/div><time class=\"w-post-elm post_date usg_post_date_1 entry-date published\" datetime=\"2022-03-16T13:48:59+00:00\" title=\"16 March 2022 at 13:48:59 UTC\">4 years ago<\/time><\/div><div class=\"w-post-elm post_content usg_post_content_1\">HOUSES IN CALETA DE VELEZ 700 m FROM THE BEACH Bedrooms 3 Bathrooms 3 Parking 1 Built sqm. from 155 Plot sqm. from 130 SHARE THISbeds. 3 baths 3 parking&hellip;<\/div>\t\t<\/div>\r\n\t<\/article>\r\n\t<article class=\"w-grid-item size_1x1 post-2961 post type-post status-publish format-standard has-post-thumbnail hentry category-torre-del-mar tag-adosado tag-pareados\" data-id=\"2961\">\r\n\t\t<div class=\"w-grid-item-h\">\r\n\t\t\t\t\t\t<div class=\"w-post-elm post_image usg_post_image_1 stretched\"><a href=\"https:\/\/bdlinvestment.com\/en\/casas-en-torre-del-mar-con-vistas-al-mar-seaviews\/\" aria-label=\"Houses in Torre del Mar with sea views\"><img width=\"1024\" height=\"724\" src=\"https:\/\/bdlinvestment.com\/wp-content\/uploads\/2020\/05\/13-VIVIENDAS-VELEZ-2-6_resize-1-1024x724.jpg\" class=\"attachment-large size-large wp-post-image\" alt=\"\" decoding=\"async\" loading=\"lazy\" srcset=\"https:\/\/bdlinvestment.com\/wp-content\/uploads\/2020\/05\/13-VIVIENDAS-VELEZ-2-6_resize-1-1024x724.jpg 1024w, https:\/\/bdlinvestment.com\/wp-content\/uploads\/2020\/05\/13-VIVIENDAS-VELEZ-2-6_resize-1-300x212.jpg 300w, https:\/\/bdlinvestment.com\/wp-content\/uploads\/2020\/05\/13-VIVIENDAS-VELEZ-2-6_resize-1-768x543.jpg 768w, https:\/\/bdlinvestment.com\/wp-content\/uploads\/2020\/05\/13-VIVIENDAS-VELEZ-2-6_resize-1-566x400.jpg 566w, https:\/\/bdlinvestment.com\/wp-content\/uploads\/2020\/05\/13-VIVIENDAS-VELEZ-2-6_resize-1.jpg 1280w\" sizes=\"(max-width: 1024px) 100vw, 1024px\" \/><\/a><\/div><h2 class=\"w-post-elm post_title usg_post_title_1 entry-title color_link_inherit\"><a href=\"https:\/\/bdlinvestment.com\/en\/casas-en-torre-del-mar-con-vistas-al-mar-seaviews\/\">Houses in Torre del Mar with sea views<\/a><\/h2><div class=\"w-hwrapper usg_hwrapper_1 has_text_color align_none valign_top wrap\"><div class=\"w-post-elm post_taxonomy usg_post_taxonomy_1 style_simple\"><a class=\"term-5 term-torre-del-mar\" href=\"https:\/\/bdlinvestment.com\/en\/category\/torre-del-mar\/\">Torre del Mar<\/a><\/div><time class=\"w-post-elm post_date usg_post_date_1 entry-date published\" datetime=\"2022-01-31T11:43:34+00:00\" title=\"31 January 2022 at 11:43:34 UTC\">4 years ago<\/time><\/div><div class=\"w-post-elm post_content usg_post_content_1\"><p>(Espa\u00f1ol) Exclusivas Casas en Torre del Mar con vistas al mar &#8211; Seaviews Cool Homes: Casas pareadas en la mejor zona de M\u00e1laga dise\u00f1adas por Joaqu\u00edn Torres BDL Investmen<\/p>\n<\/div>\t\t<\/div>\r\n\t<\/article>\r\n<\/div><div class=\"w-grid-preloader\"><div class=\"g-preloader type_1\">\r\n\t<div><\/div>\r\n<\/div>\r\n<\/div>\t<div class=\"w-grid-json hidden\" onclick='return {&quot;action&quot;:&quot;us_ajax_grid&quot;,&quot;ajax_url&quot;:&quot;https:\\\/\\\/bdlinvestment.com\\\/wp-admin\\\/admin-ajax.php&quot;,&quot;infinite_scroll&quot;:0,&quot;max_num_pages&quot;:1,&quot;pagination&quot;:&quot;none&quot;,&quot;permalink_url&quot;:&quot;https:\\\/\\\/bdlinvestment.com\\\/en\\\/wp-json\\\/wp\\\/v2\\\/pages\\\/200&quot;,&quot;template_vars&quot;:{&quot;columns&quot;:&quot;3&quot;,&quot;exclude_items&quot;:&quot;none&quot;,&quot;img_size&quot;:&quot;default&quot;,&quot;ignore_items_size&quot;:0,&quot;items_layout&quot;:&quot;blog_classic&quot;,&quot;items_offset&quot;:&quot;1&quot;,&quot;load_animation&quot;:&quot;none&quot;,&quot;overriding_link&quot;:&quot;none&quot;,&quot;post_id&quot;:2961,&quot;query_args&quot;:{&quot;post_type&quot;:[&quot;post&quot;],&quot;tax_query&quot;:[{&quot;taxonomy&quot;:&quot;category&quot;,&quot;field&quot;:&quot;slug&quot;,&quot;terms&quot;:[&quot;caleta-de-velez&quot;,&quot;torre-del-mar&quot;,&quot;velez-malaga&quot;]}],&quot;post_status&quot;:[&quot;publish&quot;],&quot;posts_per_page&quot;:&quot;3&quot;},&quot;orderby_query_args&quot;:{&quot;orderby&quot;:{&quot;date&quot;:&quot;DESC&quot;}},&quot;type&quot;:&quot;grid&quot;,&quot;us_grid_ajax_index&quot;:1,&quot;us_grid_filter_params&quot;:null,&quot;us_grid_index&quot;:2,&quot;_us_grid_post_type&quot;:&quot;post&quot;}}'><\/div>\r\n\t<\/div><\/div><\/div><\/div><\/div><\/div><\/section>","protected":false},"excerpt":{"rendered":"HOUSES IN TORRE DEL MAR WITH SEA VIEWS Bedrooms 3 Bathrooms 3 Parkings 2 Built sqm. from 200 Plot sqm. from 250 Share thisbeds. 3 baths 3 parkings 2 Built sqm. from 200 Plot sqm. from 250 Share thisWhat is a Cool Home?What is a Cool Home? CoolHomes is a new real estate project that...","protected":false},"author":1,"featured_media":0,"parent":0,"menu_order":0,"comment_status":"closed","ping_status":"closed","template":"","meta":{"inline_featured_image":false,"_joinchat":[]},"aioseo_notices":[],"_links":{"self":[{"href":"https:\/\/bdlinvestment.com\/en\/wp-json\/wp\/v2\/pages\/200"}],"collection":[{"href":"https:\/\/bdlinvestment.com\/en\/wp-json\/wp\/v2\/pages"}],"about":[{"href":"https:\/\/bdlinvestment.com\/en\/wp-json\/wp\/v2\/types\/page"}],"author":[{"embeddable":true,"href":"https:\/\/bdlinvestment.com\/en\/wp-json\/wp\/v2\/users\/1"}],"replies":[{"embeddable":true,"href":"https:\/\/bdlinvestment.com\/en\/wp-json\/wp\/v2\/comments?post=200"}],"version-history":[{"count":12,"href":"https:\/\/bdlinvestment.com\/en\/wp-json\/wp\/v2\/pages\/200\/revisions"}],"predecessor-version":[{"id":7029,"href":"https:\/\/bdlinvestment.com\/en\/wp-json\/wp\/v2\/pages\/200\/revisions\/7029"}],"wp:attachment":[{"href":"https:\/\/bdlinvestment.com\/en\/wp-json\/wp\/v2\/media?parent=200"}],"curies":[{"name":"wp","href":"https:\/\/api.w.org\/{rel}","templated":true}]}}