{"id":3959,"date":"2022-05-06T12:42:24","date_gmt":"2022-05-06T10:42:24","guid":{"rendered":"https:\/\/bdlinvestment.com\/?page_id=3959"},"modified":"2023-04-05T11:59:20","modified_gmt":"2023-04-05T09:59:20","slug":"suscripcion-informacion-cool-homes-beach","status":"publish","type":"page","link":"https:\/\/bdlinvestment.com\/en\/suscripcion-informacion-cool-homes-beach\/","title":{"rendered":"Info subscription Cool Homes Beach"},"content":{"rendered":"<section class=\"l-section wpb_row height_small\"><div class=\"l-section-h i-cf\"><div class=\"g-cols vc_row via_flex valign_top type_default stacking_default\"><div class=\"vc_col-sm-6 wpb_column vc_column_container\"><div class=\"vc_column-inner\"><div class=\"wpb_wrapper\"><div class=\"w-image align_center\"><div class=\"w-image-h\"><img width=\"706\" height=\"710\" src=\"https:\/\/bdlinvestment.com\/wp-content\/uploads\/2023\/02\/Cool-Homes-Beach-detail.png\" class=\"attachment-full size-full\" alt=\"Cool Homes Beach detail\" decoding=\"async\" loading=\"lazy\" srcset=\"https:\/\/bdlinvestment.com\/wp-content\/uploads\/2023\/02\/Cool-Homes-Beach-detail.png 706w, https:\/\/bdlinvestment.com\/wp-content\/uploads\/2023\/02\/Cool-Homes-Beach-detail-298x300.png 298w, https:\/\/bdlinvestment.com\/wp-content\/uploads\/2023\/02\/Cool-Homes-Beach-detail-150x151.png 150w, https:\/\/bdlinvestment.com\/wp-content\/uploads\/2023\/02\/Cool-Homes-Beach-detail-200x201.png 200w, https:\/\/bdlinvestment.com\/wp-content\/uploads\/2023\/02\/Cool-Homes-Beach-detail-398x400.png 398w, https:\/\/bdlinvestment.com\/wp-content\/uploads\/2023\/02\/Cool-Homes-Beach-detail-300x302.png 300w\" sizes=\"(max-width: 706px) 100vw, 706px\" \/><\/div><\/div><div class=\"w-separator size_small\"><\/div><div class=\"wpb_text_column us_custom_49f317a8\"><div class=\"wpb_wrapper\"><p style=\"text-align: center;\"><strong>Flats<\/strong> and <strong>penhouses <\/strong>designed by <strong>A-cero <\/strong>architect studio (Joaquin Torres y Rafael LLamazares)<\/p>\n<\/div><\/div><div class=\"w-separator size_custom\" style=\"height:4px\"><\/div><div class=\"wpb_text_column us_custom_2f9442b9\"><div class=\"wpb_wrapper\"><p><strong>AVAILABLE IN 2023<\/strong><\/p>\n<p>BE THE FIRST TO INFORM ABOUT IT<\/p>\n<\/div><\/div><div class=\"w-separator size_small\"><\/div><\/div><\/div><\/div><div class=\"vc_col-sm-6 wpb_column vc_column_container\"><div class=\"vc_column-inner\"><div class=\"wpb_wrapper\"><div class=\"wpb_text_column us_custom_7bc4327d\"><div class=\"wpb_wrapper\"><p><strong>COOL HOME BEACH<\/strong><br \/>\n\u00bbYour cool home close to the beach\u00ab<\/p>\n<\/div><\/div><div class=\"w-hwrapper align_center valign_middle\">[vc_widget_sidebar sidebar_id=&#8221;us_widget_area_language&#8221;]<\/div>\n<div class=\"wpcf7 no-js\" id=\"wpcf7-f3967-o2\" lang=\"es-ES\" dir=\"ltr\">\n<div class=\"screen-reader-response\"><p role=\"status\" aria-live=\"polite\" aria-atomic=\"true\"><\/p> <ul><\/ul><\/div>\n<form action=\"\/en\/wp-json\/wp\/v2\/pages\/3959#wpcf7-f3967-o2\" method=\"post\" class=\"wpcf7-form init\" aria-label=\"Formulario de contacto\" novalidate=\"novalidate\" data-status=\"init\">\n<div style=\"display: none;\">\n<input type=\"hidden\" name=\"_wpcf7\" value=\"3967\" \/>\n<input type=\"hidden\" name=\"_wpcf7_version\" value=\"5.7.5.1\" \/>\n<input type=\"hidden\" name=\"_wpcf7_locale\" value=\"es_ES\" \/>\n<input type=\"hidden\" name=\"_wpcf7_unit_tag\" value=\"wpcf7-f3967-o2\" \/>\n<input type=\"hidden\" name=\"_wpcf7_container_post\" value=\"0\" \/>\n<input type=\"hidden\" name=\"_wpcf7_posted_data_hash\" value=\"\" \/>\n<input type=\"hidden\" name=\"_wpcf7_recaptcha_response\" value=\"\" \/>\n<\/div>\n<p><label> Your name<br \/>\n<span class=\"wpcf7-form-control-wrap\" data-name=\"your-name\"><input size=\"40\" class=\"wpcf7-form-control wpcf7-text wpcf7-validates-as-required\" aria-required=\"true\" aria-invalid=\"false\" value=\"\" type=\"text\" name=\"your-name\" \/><\/span> <\/label>\n<\/p>\n<p>You are intereste in...\n<\/p>\n<p><span class=\"wpcf7-form-control-wrap\" data-name=\"pisoatico\"><select class=\"wpcf7-form-control wpcf7-select wpcf7-validates-as-required\" aria-required=\"true\" aria-invalid=\"false\" name=\"pisoatico\"><option value=\"\">&#8212;Por favor, elige una opci\u00f3n&#8212;<\/option><option value=\"Pisos\">Pisos<\/option><option value=\"\u00c1ticos\">\u00c1ticos<\/option><\/select><\/span>\n<\/p>\n<p><label> Your email<br \/>\n<span class=\"wpcf7-form-control-wrap\" data-name=\"your-email\"><input size=\"40\" class=\"wpcf7-form-control wpcf7-text wpcf7-email wpcf7-validates-as-required wpcf7-validates-as-email\" aria-required=\"true\" aria-invalid=\"false\" value=\"\" type=\"email\" name=\"your-email\" \/><\/span> <\/label>\n<\/p>\n<p><label> Phone<br \/>\n<span class=\"wpcf7-form-control-wrap\" data-name=\"tel-990\"><input size=\"40\" class=\"wpcf7-form-control wpcf7-text wpcf7-tel wpcf7-validates-as-required wpcf7-validates-as-tel\" aria-required=\"true\" aria-invalid=\"false\" value=\"\" type=\"tel\" name=\"tel-990\" \/><\/span> <\/label>\n<\/p>\n<p><span class=\"wpcf7-form-control-wrap\" data-name=\"acceptance-103\"><span class=\"wpcf7-form-control wpcf7-acceptance\"><span class=\"wpcf7-list-item\"><label><input type=\"checkbox\" name=\"acceptance-103\" value=\"1\" aria-invalid=\"false\" \/><span class=\"wpcf7-list-item-label\">I accept the cookies, legal and privacy policy, LOPD and GPRD*<\/span><\/label><\/span><\/span><\/span>\n<\/p>\n<p><input class=\"wpcf7-form-control has-spinner wpcf7-submit\" type=\"submit\" value=\"GET INFO\" \/>\n<\/p><p style=\"display: none !important;\"><label>&#916;<textarea name=\"_wpcf7_ak_hp_textarea\" cols=\"45\" rows=\"8\" maxlength=\"100\"><\/textarea><\/label><input type=\"hidden\" id=\"ak_js_2\" name=\"_wpcf7_ak_js\" value=\"99\"\/><script>document.getElementById( \"ak_js_2\" ).setAttribute( \"value\", ( new Date() ).getTime() );<\/script><\/p><div class=\"wpcf7-response-output\" aria-hidden=\"true\"><\/div>\n<\/form>\n<\/div>\n[vc_raw_js]JTNDc2NyaXB0JTNFJTBBZG9jdW1lbnQuYWRkRXZlbnRMaXN0ZW5lciUyOCUyMCUyN3dwY2Y3bWFpbHNlbnQlMjclMkMlMjBmdW5jdGlvbiUyOCUyMGV2ZW50JTIwJTI5JTIwJTdCJTBBJTIwJTIwJTIwJTIwbG9jYXRpb24lMjAlM0QlMjAlMjdodHRwcyUzQSUyRiUyRmJkbGludmVzdG1lbnQuY29tJTJGZW4lMkZhZ3JhZGVjaW1pZW50by1pbmZvLWNvb2wtaG9tZS1iZWFjaCUyRiUyNyUzQiUwQSU3RCUyQyUyMGZhbHNlJTIwJTI5JTNCJTBBJTNDJTJGc2NyaXB0JTNFJTBBJTBB[\/vc_raw_js]<div class=\"w-separator size_small\"><\/div><div class=\"w-btn-wrapper align_right\"><a class=\"w-btn us-btn-style_5 us_custom_f4397b66 icon_atleft\" title=\"Casas en Torre del Mar con vistas al mar \u2013 Seaviews\" href=\"https:\/\/bdlinvestment.com\/casas-en-torre-del-mar-con-vistas-al-mar-seaviews\/\"><i class=\"fas fa-arrow-left\"><\/i><span class=\"w-btn-label\">GO TO HOME<\/span><\/a><\/div><\/div><\/div><\/div><\/div><\/div><\/section><section class=\"l-section wpb_row height_small color_alternate\"><div class=\"l-section-h i-cf\"><div class=\"g-cols vc_row via_flex valign_top type_default stacking_default\"><div class=\"vc_col-sm-3 wpb_column vc_column_container\"><div class=\"vc_column-inner\"><div class=\"wpb_wrapper\"><\/div><\/div><\/div><div class=\"vc_col-sm-6 wpb_column vc_column_container\"><div class=\"vc_column-inner\"><div class=\"wpb_wrapper\"><div class=\"w-separator size_medium\"><\/div>[vc_custom_heading text=&#8221;MAYBE YOU ARE INTERESTED IN&#8221; font_container=&#8221;tag:p|font_size:24%20px|text_align:left&#8221; use_theme_fonts=&#8221;yes&#8221;]<div class=\"g-cols wpb_row via_flex valign_top type_default stacking_default\"><div class=\"vc_col-sm-6 wpb_column vc_column_container\"><div class=\"vc_column-inner\"><div class=\"wpb_wrapper\"><div class=\"w-image align_center\"><a title=\"Casas en primera l\u00ednea de golf en Caleta de V\u00e9lez \u2013 Green 9 \u2013 IV Fase\" href=\"https:\/\/bdlinvestment.com\/en\/casas-en-primera-linea-de-golf-en-caleta-de-velez-green-9-iv-fase\/\" aria-label=\"Link\" class=\"w-image-h\"><img width=\"640\" height=\"387\" src=\"https:\/\/bdlinvestment.com\/wp-content\/uploads\/2022\/03\/Green-9-email-ING.png\" class=\"attachment-full size-full\" alt=\"\" decoding=\"async\" loading=\"lazy\" srcset=\"https:\/\/bdlinvestment.com\/wp-content\/uploads\/2022\/03\/Green-9-email-ING.png 640w, https:\/\/bdlinvestment.com\/wp-content\/uploads\/2022\/03\/Green-9-email-ING-300x181.png 300w, https:\/\/bdlinvestment.com\/wp-content\/uploads\/2022\/03\/Green-9-email-ING-200x121.png 200w, https:\/\/bdlinvestment.com\/wp-content\/uploads\/2022\/03\/Green-9-email-ING-600x363.png 600w, https:\/\/bdlinvestment.com\/wp-content\/uploads\/2022\/03\/Green-9-email-ING-150x91.png 150w\" sizes=\"(max-width: 640px) 100vw, 640px\" \/><\/a><\/div><\/div><\/div><\/div><div class=\"vc_col-sm-6 wpb_column vc_column_container\"><div class=\"vc_column-inner\"><div class=\"wpb_wrapper\"><div class=\"w-image align_center\"><a title=\"Casas en Torre del Mar con vistas al mar \u2013 Seaviews\" href=\"https:\/\/bdlinvestment.com\/en\/casas-en-torre-del-mar-con-vistas-al-mar-seaviews\/\" aria-label=\"Link\" class=\"w-image-h\"><img width=\"640\" height=\"463\" src=\"https:\/\/bdlinvestment.com\/wp-content\/uploads\/2022\/03\/Plantilla-casas-relacionadas-ing.jpg\" class=\"attachment-full size-full\" alt=\"\" decoding=\"async\" loading=\"lazy\" srcset=\"https:\/\/bdlinvestment.com\/wp-content\/uploads\/2022\/03\/Plantilla-casas-relacionadas-ing.jpg 640w, https:\/\/bdlinvestment.com\/wp-content\/uploads\/2022\/03\/Plantilla-casas-relacionadas-ing-300x217.jpg 300w, https:\/\/bdlinvestment.com\/wp-content\/uploads\/2022\/03\/Plantilla-casas-relacionadas-ing-200x145.jpg 200w, https:\/\/bdlinvestment.com\/wp-content\/uploads\/2022\/03\/Plantilla-casas-relacionadas-ing-553x400.jpg 553w, https:\/\/bdlinvestment.com\/wp-content\/uploads\/2022\/03\/Plantilla-casas-relacionadas-ing-150x109.jpg 150w\" sizes=\"(max-width: 640px) 100vw, 640px\" \/><\/a><\/div><\/div><\/div><\/div><\/div><\/div><\/div><\/div><div class=\"vc_col-sm-3 wpb_column vc_column_container\"><div class=\"vc_column-inner\"><div class=\"wpb_wrapper\"><\/div><\/div><\/div><\/div><\/div><\/section><section class=\"l-section wpb_row height_auto\"><div class=\"l-section-h i-cf\"><div class=\"g-cols vc_row via_flex valign_top type_default stacking_default\"><div class=\"vc_col-sm-12 wpb_column vc_column_container\"><div class=\"vc_column-inner\"><div class=\"wpb_wrapper\"><div class=\"w-separator size_medium\"><\/div><div class=\"wpb_text_column\"><div class=\"wpb_wrapper\"><p><span style=\"font-size: 14pt;\"><strong>\u00bfPOR QU\u00c9 TE PEDIMOS TUS DATOS?<\/strong><\/span><\/p>\n<p>Nuestra empresa siempre se ha regido por los est\u00e1ndares de calidad, profesionalidad y eficacia. Por ello con el fin de ofrecerte una informaci\u00f3n acorde a lo que nos solicitas, intentamos no ser invasivos con vosotros por lo que los datos que os pedimos son m\u00ednimos.<\/p>\n<p>Cumplimos a rajatabla las condiciones legales, as\u00ed como la pol\u00edtica de privacidad y ley europea de cookies. <a title=\"Pol\u00edtica de privacidad\" href=\"https:\/\/bdlinvestment.com\/privacidad\/\" target=\"_blank\" rel=\"noopener\">Te instamos a que la leas pinchando aqu\u00ed.<\/a><\/p>\n<\/div><\/div><div class=\"w-separator size_medium\"><\/div><\/div><\/div><\/div><\/div><\/div><\/section><section class=\"l-section wpb_row height_medium color_footer-top\"><div class=\"l-section-h i-cf\"><div class=\"g-cols vc_row via_flex valign_middle type_default stacking_default\"><div class=\"vc_col-sm-12 wpb_column vc_column_container\"><div class=\"vc_column-inner\"><div class=\"wpb_wrapper\"><div class=\"g-cols wpb_row via_flex valign_middle type_default stacking_default\"><div class=\"vc_col-sm-2 wpb_column vc_column_container\"><div class=\"vc_column-inner\"><div class=\"wpb_wrapper\"><div class=\"w-image us_custom_52480e4c align_none\"><div class=\"w-image-h\"><img width=\"467\" height=\"144\" src=\"https:\/\/bdlinvestment.com\/wp-content\/uploads\/2022\/01\/Logo-BDL-transparente.png\" class=\"attachment-full size-full\" alt=\"Logo BDL transparente\" decoding=\"async\" loading=\"lazy\" srcset=\"https:\/\/bdlinvestment.com\/wp-content\/uploads\/2022\/01\/Logo-BDL-transparente.png 467w, https:\/\/bdlinvestment.com\/wp-content\/uploads\/2022\/01\/Logo-BDL-transparente-300x93.png 300w, https:\/\/bdlinvestment.com\/wp-content\/uploads\/2022\/01\/Logo-BDL-transparente-200x62.png 200w, https:\/\/bdlinvestment.com\/wp-content\/uploads\/2022\/01\/Logo-BDL-transparente-150x46.png 150w\" sizes=\"(max-width: 467px) 100vw, 467px\" \/><\/div><\/div><\/div><\/div><\/div><div class=\"vc_col-sm-10 wpb_column vc_column_container\"><div class=\"vc_column-inner\"><div class=\"wpb_wrapper\"><div class=\"w-menu us_custom_9137ebb7 layout_hor style_links has_text_align_on_mobiles us_menu_2\" style=\"--main-gap:1.5rem;--main-ver-indent:0.8em;--main-hor-indent:0.8em;\"><ul id=\"menu-menu-principal-1\" class=\"menu\"><li class=\"menu-item menu-item-type-post_type menu-item-object-page menu-item-home menu-item-60\"><a href=\"https:\/\/bdlinvestment.com\/en\/\">INICIO<\/a><\/li><li class=\"menu-item menu-item-type-post_type menu-item-object-page menu-item-61\"><a href=\"https:\/\/bdlinvestment.com\/en\/servicios\/\">SERVICES<\/a><\/li><li class=\"menu-item menu-item-type-post_type menu-item-object-page menu-item-70\"><a href=\"https:\/\/bdlinvestment.com\/en\/nosotros\/\">About us<\/a><\/li><li class=\"menu-item menu-item-type-custom menu-item-object-custom menu-item-119\"><a href=\"#\"><img src=\"https:\/\/bdlinvestment.com\/wp-content\/uploads\/2022\/03\/logo-small-menu.png\"><b>COOLHOMES<\/b><\/a><\/li><li class=\"menu-item menu-item-type-post_type menu-item-object-page menu-item-73\"><a href=\"https:\/\/bdlinvestment.com\/en\/contactanos\/\">Contact us<\/a><\/li><li class=\"qtranxs-lang-menu qtranxs-lang-menu-en menu-item menu-item-type-custom menu-item-object-custom current-menu-parent menu-item-66\"><a title=\"English\" href=\"#\">Language:&nbsp;<img src=\"https:\/\/bdlinvestment.com\/wp-content\/plugins\/qtranslate-xt-master\/flags\/gb.png\" alt=\"English\" \/><\/a><\/li><\/ul><style>.us_menu_2 .menu>li>a{color:inherit}@media ( max-width:600px ){.us_menu_2 .menu{display:block!important}.us_menu_2 .menu>li{margin:0 0 var(--main-gap,1.5rem)!important}}<\/style><\/div><\/div><\/div><\/div><\/div><div class=\"w-separator size_medium with_line width_default thick_1 style_solid color_border align_center\"><div class=\"w-separator-h\"><\/div><\/div><div class=\"g-cols wpb_row via_flex valign_top type_default stacking_default\"><div class=\"vc_col-sm-12 wpb_column vc_column_container\"><div class=\"vc_column-inner\"><div class=\"wpb_wrapper\"><\/div><\/div><\/div><\/div><div class=\"g-cols wpb_row via_flex valign_top type_default stacking_default\"><div class=\"vc_col-sm-4 wpb_column vc_column_container\"><div class=\"vc_column-inner\"><div class=\"wpb_wrapper\"><h3 class=\"w-text us_custom_66c70e18\"><span class=\"w-text-h\"><span class=\"w-text-value\">OFICINA CENTRAL<\/span><\/span><\/h3><div class=\"w-iconbox iconpos_left style_default color_contrast align_left no_text\"><div class=\"w-iconbox-icon\" style=\"font-size:20px;\"><i class=\"fal fa-map-marker-alt\"><\/i><\/div><div class=\"w-iconbox-meta\"><div class=\"w-iconbox-title\">Calle del Mar 68 &#8211; Torre del Mar &#8211; M\u00e1laga<\/div><\/div><\/div><div class=\"w-separator size_custom\" style=\"height:12px\"><\/div><div class=\"w-iconbox iconpos_left style_default color_contrast align_left no_text\"><div class=\"w-iconbox-icon\" style=\"font-size:20px;\"><i class=\"fal fa-clock\"><\/i><\/div><div class=\"w-iconbox-meta\"><div class=\"w-iconbox-title\">10:00 am \u2013 14:00 pm<\/div><\/div><\/div><div class=\"w-iconbox iconpos_left style_default color_contrast align_left no_text\"><div class=\"w-iconbox-icon\" style=\"font-size:20px;\"><\/div><div class=\"w-iconbox-meta\"><div class=\"w-iconbox-title\">17:00 pm \u2013 20:00 pm<\/div><\/div><\/div><div class=\"w-separator size_custom\" style=\"height:12px\"><\/div><div class=\"w-iconbox iconpos_left style_default color_contrast align_left no_text\"><a href=\"tel:0034952546629\" class=\"w-iconbox-link\" aria-label=\"+34 952 546 629\"><div class=\"w-iconbox-icon\" style=\"font-size:20px;\"><i class=\"fal fa-phone\"><\/i><\/div><\/a><div class=\"w-iconbox-meta\"><a href=\"tel:0034952546629\" class=\"w-iconbox-link\" aria-label=\"+34 952 546 629\"><div class=\"w-iconbox-title\">+34 952 546 629<\/div><\/a><\/div><\/div><div class=\"w-iconbox iconpos_left style_default color_contrast align_left no_text\"><a target=\"_blank\" href=\"tel:0034630718844\" rel=\"noopener\" class=\"w-iconbox-link\" aria-label=\"+34 630 718 844\"><div class=\"w-iconbox-icon\" style=\"font-size:20px;\"><i class=\"fal fa-mobile\"><\/i><\/div><\/a><div class=\"w-iconbox-meta\"><a target=\"_blank\" href=\"tel:0034630718844\" rel=\"noopener\" class=\"w-iconbox-link\" aria-label=\"+34 630 718 844\"><div class=\"w-iconbox-title\">+34 630 718 844<\/div><\/a><\/div><\/div><\/div><\/div><\/div><div class=\"vc_col-sm-4 wpb_column vc_column_container\"><div class=\"vc_column-inner\"><div class=\"wpb_wrapper\"><div class=\"w-map provider_google\" id=\"us_map_2\"><div class=\"w-map-json\" onclick='return {&quot;address&quot;:&quot;Calle del Mar 68, Torre del Mar&quot;,&quot;zoom&quot;:14,&quot;hideControls&quot;:1,&quot;disableZoom&quot;:1,&quot;disableDragging&quot;:1,&quot;markers&quot;:[{&quot;address&quot;:&quot;Calle del Mar 68, Torre del Mar&quot;,&quot;html&quot;:&quot;&quot;,&quot;infowindow&quot;:0}],&quot;maptype&quot;:&quot;ROADMAP&quot;}'><\/div><\/div><\/div><\/div><\/div><div class=\"vc_col-sm-4 wpb_column vc_column_container\"><div class=\"vc_column-inner\"><div class=\"wpb_wrapper\"><\/div><\/div><\/div><\/div><div class=\"w-separator size_medium with_line width_default thick_1 style_solid color_border align_center\"><div class=\"w-separator-h\"><\/div><\/div><div class=\"g-cols wpb_row via_flex valign_middle type_default stacking_default\"><div class=\"vc_col-sm-6 wpb_column vc_column_container\"><div class=\"vc_column-inner\"><div class=\"wpb_wrapper\"><div class=\"wpb_text_column us_custom_e28183d5\"><div class=\"wpb_wrapper\"><p>Web realizada por <a href=\"https:\/\/netmanager.es\" target=\"_blank\" rel=\"noopener\">NetManager<\/a><\/p>\n<\/div><\/div><\/div><\/div><\/div><div class=\"vc_col-sm-6 wpb_column vc_column_container\"><div class=\"vc_column-inner\"><div class=\"wpb_wrapper\"><div class=\"w-socials us_custom_bdc8bda5 color_text shape_square style_default hover_fade\" style=\"--gap:0.2em;\"><div class=\"w-socials-list\"><div class=\"w-socials-item facebook\"><a class=\"w-socials-item-link\" href=\"#\" target=\"_blank\" rel=\"noopener nofollow\" title=\"Facebook\" aria-label=\"Facebook\"><span class=\"w-socials-item-link-hover\"><\/span><i class=\"fab fa-facebook\"><\/i><\/a><div class=\"w-socials-item-popup\"><span>Facebook<\/span><\/div><\/div><div class=\"w-socials-item twitter\"><a class=\"w-socials-item-link\" href=\"#\" target=\"_blank\" rel=\"noopener nofollow\" title=\"Twitter\" aria-label=\"Twitter\"><span class=\"w-socials-item-link-hover\"><\/span><i class=\"fab fa-twitter\"><\/i><\/a><div class=\"w-socials-item-popup\"><span>Twitter<\/span><\/div><\/div><div class=\"w-socials-item instagram\"><a class=\"w-socials-item-link\" href=\"#\" target=\"_blank\" rel=\"noopener nofollow\" title=\"Instagram\" aria-label=\"Instagram\"><span class=\"w-socials-item-link-hover\"><\/span><i class=\"fab fa-instagram\"><\/i><\/a><div class=\"w-socials-item-popup\"><span>Instagram<\/span><\/div><\/div><div class=\"w-socials-item google\"><a class=\"w-socials-item-link\" href=\"#\" target=\"_blank\" rel=\"noopener nofollow\" title=\"Google\" aria-label=\"Google\"><span class=\"w-socials-item-link-hover\"><\/span><i class=\"fab fa-google\"><\/i><\/a><div class=\"w-socials-item-popup\"><span>Google<\/span><\/div><\/div><\/div><\/div><\/div><\/div><\/div><\/div><\/div><\/div><\/div><\/div><\/div><\/section>","protected":false},"excerpt":{"rendered":"Flats and penhouses designed by A-cero architect studio (Joaquin Torres y Rafael LLamazares) AVAILABLE IN 2023 BE THE FIRST TO INFORM ABOUT IT COOL HOME BEACH \u00bbYour cool home close to the beach\u00ab [vc_widget_sidebar sidebar_id=\"us_widget_area_language\"] Your name You are intereste in... &#8212;Por favor, elige una opci\u00f3n&#8212;Pisos\u00c1ticos Your email Phone I accept the cookies, legal and...","protected":false},"author":1,"featured_media":0,"parent":0,"menu_order":0,"comment_status":"closed","ping_status":"closed","template":"","meta":{"inline_featured_image":false,"_joinchat":[]},"aioseo_notices":[],"_links":{"self":[{"href":"https:\/\/bdlinvestment.com\/en\/wp-json\/wp\/v2\/pages\/3959"}],"collection":[{"href":"https:\/\/bdlinvestment.com\/en\/wp-json\/wp\/v2\/pages"}],"about":[{"href":"https:\/\/bdlinvestment.com\/en\/wp-json\/wp\/v2\/types\/page"}],"author":[{"embeddable":true,"href":"https:\/\/bdlinvestment.com\/en\/wp-json\/wp\/v2\/users\/1"}],"replies":[{"embeddable":true,"href":"https:\/\/bdlinvestment.com\/en\/wp-json\/wp\/v2\/comments?post=3959"}],"version-history":[{"count":38,"href":"https:\/\/bdlinvestment.com\/en\/wp-json\/wp\/v2\/pages\/3959\/revisions"}],"predecessor-version":[{"id":7060,"href":"https:\/\/bdlinvestment.com\/en\/wp-json\/wp\/v2\/pages\/3959\/revisions\/7060"}],"wp:attachment":[{"href":"https:\/\/bdlinvestment.com\/en\/wp-json\/wp\/v2\/media?parent=3959"}],"curies":[{"name":"wp","href":"https:\/\/api.w.org\/{rel}","templated":true}]}}